{"id":281,"date":"2024-03-29T09:53:59","date_gmt":"2024-03-29T08:53:59","guid":{"rendered":"https:\/\/bertrand-ranza.com\/?page_id=281"},"modified":"2025-07-07T18:42:50","modified_gmt":"2025-07-07T16:42:50","slug":"urbex-photographie","status":"publish","type":"page","link":"https:\/\/bertrand-ranza.com\/index.php\/blog\/urbex-photographie\/","title":{"rendered":"URBEX"},"content":{"rendered":"\n<div class=\"wp-block-columns is-layout-flex wp-container-core-columns-is-layout-28f84493 wp-block-columns-is-layout-flex\">\n<div class=\"wp-block-column is-layout-flow wp-block-column-is-layout-flow\">\n<div class=\"wp-block-cover\"><img loading=\"lazy\" decoding=\"async\" width=\"1024\" height=\"683\" class=\"wp-block-cover__image-background wp-image-1739 size-large\" alt=\"\" src=\"http:\/\/bertrand-ranza.com\/wp-content\/uploads\/2024\/08\/DSC_2824-1024x683.jpg\" data-object-fit=\"cover\" srcset=\"https:\/\/bertrand-ranza.com\/wp-content\/uploads\/2024\/08\/DSC_2824-1024x683.jpg 1024w, https:\/\/bertrand-ranza.com\/wp-content\/uploads\/2024\/08\/DSC_2824-300x200.jpg 300w, https:\/\/bertrand-ranza.com\/wp-content\/uploads\/2024\/08\/DSC_2824-768x512.jpg 768w, https:\/\/bertrand-ranza.com\/wp-content\/uploads\/2024\/08\/DSC_2824-1536x1024.jpg 1536w, https:\/\/bertrand-ranza.com\/wp-content\/uploads\/2024\/08\/DSC_2824-2048x1365.jpg 2048w, https:\/\/bertrand-ranza.com\/wp-content\/uploads\/2024\/08\/DSC_2824-2000x1333.jpg 2000w, https:\/\/bertrand-ranza.com\/wp-content\/uploads\/2024\/08\/DSC_2824-1000x667.jpg 1000w, https:\/\/bertrand-ranza.com\/wp-content\/uploads\/2024\/08\/DSC_2824-1800x1200.jpg 1800w, https:\/\/bertrand-ranza.com\/wp-content\/uploads\/2024\/08\/DSC_2824-840x560.jpg 840w, https:\/\/bertrand-ranza.com\/wp-content\/uploads\/2024\/08\/DSC_2824-600x400.jpg 600w\" sizes=\"auto, (max-width: 1024px) 100vw, 1024px\" \/><span aria-hidden=\"true\" class=\"wp-block-cover__background has-background-dim\" style=\"background-color:#b89b84\"><\/span><div class=\"wp-block-cover__inner-container has-global-padding is-layout-constrained wp-block-cover-is-layout-constrained\">\n<p class=\"has-text-align-center has-secondary-color has-text-color has-link-color wp-elements-51ab93cf770cc36b0bd516c33607fd6b\" style=\"font-size:41px;line-height:1\"><strong>Mines, carri\u00e8res et crassiers d\u00e9sert\u00e9s<\/strong><\/p>\n\n\n\n<div class=\"wp-block-buttons is-layout-flex wp-block-buttons-is-layout-flex\">\n<div class=\"wp-block-button has-custom-width wp-block-button__width-100 is-style-fill\"><a class=\"wp-block-button__link has-secondary-background-color has-background wp-element-button\" href=\"https:\/\/bertrand-ranza.com\/index.php\/mines-et-carrieres-abandonnees\/\">Acc\u00e9dez \u00e0 la galerie<\/a><\/div>\n<\/div>\n<\/div><\/div>\n\n\n\n<div class=\"wp-block-cover is-light\"><img loading=\"lazy\" decoding=\"async\" width=\"2560\" height=\"1707\" class=\"wp-block-cover__image-background wp-image-1653\" alt=\"\" src=\"http:\/\/bertrand-ranza.com\/wp-content\/uploads\/2024\/08\/DSC_1119-copie-scaled.jpg\" data-object-fit=\"cover\" srcset=\"https:\/\/bertrand-ranza.com\/wp-content\/uploads\/2024\/08\/DSC_1119-copie-scaled.jpg 2560w, https:\/\/bertrand-ranza.com\/wp-content\/uploads\/2024\/08\/DSC_1119-copie-300x200.jpg 300w, https:\/\/bertrand-ranza.com\/wp-content\/uploads\/2024\/08\/DSC_1119-copie-1024x683.jpg 1024w, https:\/\/bertrand-ranza.com\/wp-content\/uploads\/2024\/08\/DSC_1119-copie-768x512.jpg 768w, https:\/\/bertrand-ranza.com\/wp-content\/uploads\/2024\/08\/DSC_1119-copie-1536x1024.jpg 1536w, https:\/\/bertrand-ranza.com\/wp-content\/uploads\/2024\/08\/DSC_1119-copie-2048x1365.jpg 2048w, https:\/\/bertrand-ranza.com\/wp-content\/uploads\/2024\/08\/DSC_1119-copie-2000x1333.jpg 2000w, https:\/\/bertrand-ranza.com\/wp-content\/uploads\/2024\/08\/DSC_1119-copie-1000x667.jpg 1000w, https:\/\/bertrand-ranza.com\/wp-content\/uploads\/2024\/08\/DSC_1119-copie-1800x1200.jpg 1800w, https:\/\/bertrand-ranza.com\/wp-content\/uploads\/2024\/08\/DSC_1119-copie-840x560.jpg 840w, https:\/\/bertrand-ranza.com\/wp-content\/uploads\/2024\/08\/DSC_1119-copie-600x400.jpg 600w\" sizes=\"auto, (max-width: 2560px) 100vw, 2560px\" \/><span aria-hidden=\"true\" class=\"wp-block-cover__background has-background-dim\" style=\"background-color:#8a8a8a\"><\/span><div class=\"wp-block-cover__inner-container has-global-padding is-layout-constrained wp-block-cover-is-layout-constrained\">\n<p class=\"has-text-align-center\" style=\"font-size:41px;line-height:1\"><br><strong>Casse pipe <br><\/strong><br><\/p>\n\n\n\n<div class=\"wp-block-buttons is-layout-flex wp-block-buttons-is-layout-flex\">\n<div class=\"wp-block-button has-custom-width wp-block-button__width-100 is-style-fill\"><a class=\"wp-block-button__link has-secondary-background-color has-background wp-element-button\" href=\"https:\/\/bertrand-ranza.com\/index.php\/casse-pipe\/\">Acc\u00e9dez \u00e0 la galerie<\/a><\/div>\n<\/div>\n<\/div><\/div>\n<\/div>\n\n\n\n<div class=\"wp-block-column is-layout-flow wp-block-column-is-layout-flow\">\n<div class=\"wp-block-cover is-light\"><img loading=\"lazy\" decoding=\"async\" width=\"1387\" height=\"933\" class=\"wp-block-cover__image-background wp-image-342\" alt=\"\" src=\"http:\/\/bertrand-ranza.com\/wp-content\/uploads\/2024\/03\/Resistance-1.jpg\" data-object-fit=\"cover\" srcset=\"https:\/\/bertrand-ranza.com\/wp-content\/uploads\/2024\/03\/Resistance-1.jpg 1387w, https:\/\/bertrand-ranza.com\/wp-content\/uploads\/2024\/03\/Resistance-1-300x202.jpg 300w, https:\/\/bertrand-ranza.com\/wp-content\/uploads\/2024\/03\/Resistance-1-1024x689.jpg 1024w\" sizes=\"auto, (max-width: 1387px) 100vw, 1387px\" \/><span aria-hidden=\"true\" class=\"wp-block-cover__background has-background-dim\" style=\"background-color:#a0a0a0\"><\/span><div class=\"wp-block-cover__inner-container has-global-padding is-layout-constrained wp-block-cover-is-layout-constrained\">\n<p class=\"has-text-align-center\" style=\"font-size:41px;line-height:1\"><br><strong>Hameaux et villages abandonn\u00e9s<\/strong><br><\/p>\n\n\n\n<div class=\"wp-block-buttons is-layout-flex wp-block-buttons-is-layout-flex\">\n<div class=\"wp-block-button has-custom-width wp-block-button__width-100 is-style-fill\"><a class=\"wp-block-button__link has-secondary-background-color has-background wp-element-button\" href=\"https:\/\/bertrand-ranza.com\/index.php\/hameaux-et-villages-abandonnes\/\">Acc\u00e9dez \u00e0 la galerie<\/a><\/div>\n<\/div>\n<\/div><\/div>\n\n\n\n<div class=\"wp-block-cover\"><img loading=\"lazy\" decoding=\"async\" width=\"600\" height=\"399\" class=\"wp-block-cover__image-background wp-image-820\" alt=\"\" src=\"http:\/\/bertrand-ranza.com\/wp-content\/uploads\/2024\/04\/Piscine-nature.jpg\" data-object-fit=\"cover\" srcset=\"https:\/\/bertrand-ranza.com\/wp-content\/uploads\/2024\/04\/Piscine-nature.jpg 600w, https:\/\/bertrand-ranza.com\/wp-content\/uploads\/2024\/04\/Piscine-nature-300x200.jpg 300w\" sizes=\"auto, (max-width: 600px) 100vw, 600px\" \/><span aria-hidden=\"true\" class=\"wp-block-cover__background has-background-dim\" style=\"background-color:#8a8a8a\"><\/span><div class=\"wp-block-cover__inner-container has-global-padding is-layout-constrained wp-block-cover-is-layout-constrained\">\n<p class=\"has-text-align-center\" style=\"font-size:41px;line-height:1\"><strong>Le naufrage d&rsquo;une piscine olympique<\/strong><br><\/p>\n\n\n\n<div class=\"wp-block-buttons is-layout-flex wp-block-buttons-is-layout-flex\">\n<div class=\"wp-block-button has-custom-width wp-block-button__width-100 is-style-fill\"><a class=\"wp-block-button__link has-secondary-background-color has-background wp-element-button\" href=\"https:\/\/bertrand-ranza.com\/index.php\/le-naufrage-dune-piscine-olympique-2\/\">Acc\u00e9dez \u00e0 la galerie<\/a><\/div>\n<\/div>\n<\/div><\/div>\n<\/div>\n\n\n\n<div class=\"wp-block-column is-layout-flow wp-block-column-is-layout-flow\">\n<div class=\"wp-block-cover\"><img loading=\"lazy\" decoding=\"async\" width=\"2560\" height=\"1700\" class=\"wp-block-cover__image-background wp-image-427\" alt=\"\" src=\"http:\/\/bertrand-ranza.com\/wp-content\/uploads\/2024\/03\/DSC4052-scaled.jpg\" data-object-fit=\"cover\" srcset=\"https:\/\/bertrand-ranza.com\/wp-content\/uploads\/2024\/03\/DSC4052-scaled.jpg 2560w, https:\/\/bertrand-ranza.com\/wp-content\/uploads\/2024\/03\/DSC4052-300x199.jpg 300w, https:\/\/bertrand-ranza.com\/wp-content\/uploads\/2024\/03\/DSC4052-1024x680.jpg 1024w, https:\/\/bertrand-ranza.com\/wp-content\/uploads\/2024\/03\/DSC4052-2000x1328.jpg 2000w\" sizes=\"auto, (max-width: 2560px) 100vw, 2560px\" \/><span aria-hidden=\"true\" class=\"wp-block-cover__background has-background-dim\" style=\"background-color:#6a6a69\"><\/span><div class=\"wp-block-cover__inner-container has-global-padding is-layout-constrained wp-block-cover-is-layout-constrained\">\n<p class=\"has-text-align-center\" style=\"font-size:41px;line-height:1\"><br><strong>Friches industrielles et commerciales<\/strong><br><\/p>\n\n\n\n<div class=\"wp-block-buttons is-layout-flex wp-block-buttons-is-layout-flex\">\n<div class=\"wp-block-button has-custom-width wp-block-button__width-100 is-style-fill\"><a class=\"wp-block-button__link has-secondary-background-color has-background wp-element-button\" href=\"https:\/\/bertrand-ranza.com\/index.php\/friches-industrielles-et-autres-genres\/\">Acc\u00e9dez \u00e0 la galerie<\/a><\/div>\n<\/div>\n<\/div><\/div>\n<\/div>\n<\/div>\n\n\n\n<div class=\"wp-block-columns is-layout-flex wp-container-core-columns-is-layout-28f84493 wp-block-columns-is-layout-flex\">\n<div class=\"wp-block-column is-layout-flow wp-block-column-is-layout-flow\"><\/div>\n\n\n\n<div class=\"wp-block-column is-layout-flow wp-block-column-is-layout-flow\"><\/div>\n\n\n\n<div class=\"wp-block-column is-layout-flow wp-block-column-is-layout-flow\"><\/div>\n<\/div>\n\n\n\n<p><\/p>\n","protected":false},"excerpt":{"rendered":"","protected":false},"author":1,"featured_media":779,"parent":20,"menu_order":0,"comment_status":"closed","ping_status":"closed","template":"","meta":{"_monsterinsights_skip_tracking":false,"_monsterinsights_sitenote_active":false,"_monsterinsights_sitenote_note":"","_monsterinsights_sitenote_category":0,"footnotes":""},"class_list":["post-281","page","type-page","status-publish","has-post-thumbnail","hentry"],"yoast_head":"<!-- This site is optimized with the Yoast SEO plugin v23.3 - https:\/\/yoast.com\/wordpress\/plugins\/seo\/ -->\n<title>URBEX - Bertrand LACORRE-RANZA<\/title>\n<meta name=\"description\" content=\"D\u00e9couvrez mes photographies Urbex de sites abandonn\u00e9s : mines, carri\u00e8res, friches industrielles, villages fant\u00f4mes, piscines d\u00e9sert\u00e9es.\" \/>\n<meta name=\"robots\" content=\"index, follow, max-snippet:-1, max-image-preview:large, max-video-preview:-1\" \/>\n<link rel=\"canonical\" href=\"https:\/\/bertrand-ranza.com\/index.php\/blog\/urbex-photographie\/\" \/>\n<meta property=\"og:locale\" content=\"fr_FR\" \/>\n<meta property=\"og:type\" content=\"article\" \/>\n<meta property=\"og:title\" content=\"URBEX - Bertrand LACORRE-RANZA\" \/>\n<meta property=\"og:description\" content=\"D\u00e9couvrez mes photographies Urbex de sites abandonn\u00e9s : mines, carri\u00e8res, friches industrielles, villages fant\u00f4mes, piscines d\u00e9sert\u00e9es.\" \/>\n<meta property=\"og:url\" content=\"https:\/\/bertrand-ranza.com\/index.php\/blog\/urbex-photographie\/\" \/>\n<meta property=\"og:site_name\" content=\"Bertrand LACORRE-RANZA\" \/>\n<meta property=\"article:publisher\" content=\"https:\/\/www.facebook.com\/bertrandranza\" \/>\n<meta property=\"article:modified_time\" content=\"2025-07-07T16:42:50+00:00\" \/>\n<meta property=\"og:image\" content=\"http:\/\/bertrand-ranza.com\/wp-content\/uploads\/2024\/04\/Piscine-chauffee.jpg\" \/>\n\t<meta property=\"og:image:width\" content=\"1299\" \/>\n\t<meta property=\"og:image:height\" content=\"866\" \/>\n\t<meta property=\"og:image:type\" content=\"image\/jpeg\" \/>\n<meta name=\"twitter:card\" content=\"summary_large_image\" \/>\n<meta name=\"twitter:label1\" content=\"Dur\u00e9e de lecture estim\u00e9e\" \/>\n\t<meta name=\"twitter:data1\" content=\"2 minutes\" \/>\n<script type=\"application\/ld+json\" class=\"yoast-schema-graph\">{\"@context\":\"https:\/\/schema.org\",\"@graph\":[{\"@type\":\"WebPage\",\"@id\":\"https:\/\/bertrand-ranza.com\/index.php\/blog\/urbex-photographie\/\",\"url\":\"https:\/\/bertrand-ranza.com\/index.php\/blog\/urbex-photographie\/\",\"name\":\"URBEX - Bertrand LACORRE-RANZA\",\"isPartOf\":{\"@id\":\"https:\/\/bertrand-ranza.com\/#website\"},\"primaryImageOfPage\":{\"@id\":\"https:\/\/bertrand-ranza.com\/index.php\/blog\/urbex-photographie\/#primaryimage\"},\"image\":{\"@id\":\"https:\/\/bertrand-ranza.com\/index.php\/blog\/urbex-photographie\/#primaryimage\"},\"thumbnailUrl\":\"https:\/\/bertrand-ranza.com\/wp-content\/uploads\/2024\/04\/Piscine-chauffee.jpg\",\"datePublished\":\"2024-03-29T08:53:59+00:00\",\"dateModified\":\"2025-07-07T16:42:50+00:00\",\"description\":\"D\u00e9couvrez mes photographies Urbex de sites abandonn\u00e9s : mines, carri\u00e8res, friches industrielles, villages fant\u00f4mes, piscines d\u00e9sert\u00e9es.\",\"breadcrumb\":{\"@id\":\"https:\/\/bertrand-ranza.com\/index.php\/blog\/urbex-photographie\/#breadcrumb\"},\"inLanguage\":\"fr-FR\",\"potentialAction\":[{\"@type\":\"ReadAction\",\"target\":[\"https:\/\/bertrand-ranza.com\/index.php\/blog\/urbex-photographie\/\"]}]},{\"@type\":\"ImageObject\",\"inLanguage\":\"fr-FR\",\"@id\":\"https:\/\/bertrand-ranza.com\/index.php\/blog\/urbex-photographie\/#primaryimage\",\"url\":\"https:\/\/bertrand-ranza.com\/wp-content\/uploads\/2024\/04\/Piscine-chauffee.jpg\",\"contentUrl\":\"https:\/\/bertrand-ranza.com\/wp-content\/uploads\/2024\/04\/Piscine-chauffee.jpg\",\"width\":1299,\"height\":866},{\"@type\":\"BreadcrumbList\",\"@id\":\"https:\/\/bertrand-ranza.com\/index.php\/blog\/urbex-photographie\/#breadcrumb\",\"itemListElement\":[{\"@type\":\"ListItem\",\"position\":1,\"name\":\"Accueil\",\"item\":\"https:\/\/bertrand-ranza.com\/\"},{\"@type\":\"ListItem\",\"position\":2,\"name\":\"Blog\",\"item\":\"https:\/\/bertrand-ranza.com\/index.php\/blog\/\"},{\"@type\":\"ListItem\",\"position\":3,\"name\":\"URBEX\"}]},{\"@type\":\"WebSite\",\"@id\":\"https:\/\/bertrand-ranza.com\/#website\",\"url\":\"https:\/\/bertrand-ranza.com\/\",\"name\":\"Bertrand LACORRE-RANZA Photographe\",\"description\":\"Photographie Urbex et Nature en \u00e9volution\",\"publisher\":{\"@id\":\"https:\/\/bertrand-ranza.com\/#\/schema\/person\/04a9b6ec05b19ae1b6c392fb492b879c\"},\"potentialAction\":[{\"@type\":\"SearchAction\",\"target\":{\"@type\":\"EntryPoint\",\"urlTemplate\":\"https:\/\/bertrand-ranza.com\/?s={search_term_string}\"},\"query-input\":\"required name=search_term_string\"}],\"inLanguage\":\"fr-FR\"},{\"@type\":[\"Person\",\"Organization\"],\"@id\":\"https:\/\/bertrand-ranza.com\/#\/schema\/person\/04a9b6ec05b19ae1b6c392fb492b879c\",\"name\":\"Bertrand Lacorre-Ranza\",\"image\":{\"@type\":\"ImageObject\",\"inLanguage\":\"fr-FR\",\"@id\":\"https:\/\/bertrand-ranza.com\/#\/schema\/person\/image\/\",\"url\":\"https:\/\/bertrand-ranza.com\/wp-content\/uploads\/2024\/01\/Auto-portrait-edited-scaled.jpg\",\"contentUrl\":\"https:\/\/bertrand-ranza.com\/wp-content\/uploads\/2024\/01\/Auto-portrait-edited-scaled.jpg\",\"width\":2560,\"height\":1920,\"caption\":\"Bertrand Lacorre-Ranza\"},\"logo\":{\"@id\":\"https:\/\/bertrand-ranza.com\/#\/schema\/person\/image\/\"},\"description\":\"Bertrand Lacorre-Ranza Photographe Urbex et Nature\",\"sameAs\":[\"http:\/\/bertrand-ranza.com\",\"https:\/\/www.facebook.com\/bertrandranza\",\"https:\/\/www.instagram.com\/b.ranza1\/\"]}]}<\/script>\n<!-- \/ Yoast SEO plugin. -->","yoast_head_json":{"title":"URBEX - Bertrand LACORRE-RANZA","description":"D\u00e9couvrez mes photographies Urbex de sites abandonn\u00e9s : mines, carri\u00e8res, friches industrielles, villages fant\u00f4mes, piscines d\u00e9sert\u00e9es.","robots":{"index":"index","follow":"follow","max-snippet":"max-snippet:-1","max-image-preview":"max-image-preview:large","max-video-preview":"max-video-preview:-1"},"canonical":"https:\/\/bertrand-ranza.com\/index.php\/blog\/urbex-photographie\/","og_locale":"fr_FR","og_type":"article","og_title":"URBEX - Bertrand LACORRE-RANZA","og_description":"D\u00e9couvrez mes photographies Urbex de sites abandonn\u00e9s : mines, carri\u00e8res, friches industrielles, villages fant\u00f4mes, piscines d\u00e9sert\u00e9es.","og_url":"https:\/\/bertrand-ranza.com\/index.php\/blog\/urbex-photographie\/","og_site_name":"Bertrand LACORRE-RANZA","article_publisher":"https:\/\/www.facebook.com\/bertrandranza","article_modified_time":"2025-07-07T16:42:50+00:00","og_image":[{"width":1299,"height":866,"url":"http:\/\/bertrand-ranza.com\/wp-content\/uploads\/2024\/04\/Piscine-chauffee.jpg","type":"image\/jpeg"}],"twitter_card":"summary_large_image","twitter_misc":{"Dur\u00e9e de lecture estim\u00e9e":"2 minutes"},"schema":{"@context":"https:\/\/schema.org","@graph":[{"@type":"WebPage","@id":"https:\/\/bertrand-ranza.com\/index.php\/blog\/urbex-photographie\/","url":"https:\/\/bertrand-ranza.com\/index.php\/blog\/urbex-photographie\/","name":"URBEX - Bertrand LACORRE-RANZA","isPartOf":{"@id":"https:\/\/bertrand-ranza.com\/#website"},"primaryImageOfPage":{"@id":"https:\/\/bertrand-ranza.com\/index.php\/blog\/urbex-photographie\/#primaryimage"},"image":{"@id":"https:\/\/bertrand-ranza.com\/index.php\/blog\/urbex-photographie\/#primaryimage"},"thumbnailUrl":"https:\/\/bertrand-ranza.com\/wp-content\/uploads\/2024\/04\/Piscine-chauffee.jpg","datePublished":"2024-03-29T08:53:59+00:00","dateModified":"2025-07-07T16:42:50+00:00","description":"D\u00e9couvrez mes photographies Urbex de sites abandonn\u00e9s : mines, carri\u00e8res, friches industrielles, villages fant\u00f4mes, piscines d\u00e9sert\u00e9es.","breadcrumb":{"@id":"https:\/\/bertrand-ranza.com\/index.php\/blog\/urbex-photographie\/#breadcrumb"},"inLanguage":"fr-FR","potentialAction":[{"@type":"ReadAction","target":["https:\/\/bertrand-ranza.com\/index.php\/blog\/urbex-photographie\/"]}]},{"@type":"ImageObject","inLanguage":"fr-FR","@id":"https:\/\/bertrand-ranza.com\/index.php\/blog\/urbex-photographie\/#primaryimage","url":"https:\/\/bertrand-ranza.com\/wp-content\/uploads\/2024\/04\/Piscine-chauffee.jpg","contentUrl":"https:\/\/bertrand-ranza.com\/wp-content\/uploads\/2024\/04\/Piscine-chauffee.jpg","width":1299,"height":866},{"@type":"BreadcrumbList","@id":"https:\/\/bertrand-ranza.com\/index.php\/blog\/urbex-photographie\/#breadcrumb","itemListElement":[{"@type":"ListItem","position":1,"name":"Accueil","item":"https:\/\/bertrand-ranza.com\/"},{"@type":"ListItem","position":2,"name":"Blog","item":"https:\/\/bertrand-ranza.com\/index.php\/blog\/"},{"@type":"ListItem","position":3,"name":"URBEX"}]},{"@type":"WebSite","@id":"https:\/\/bertrand-ranza.com\/#website","url":"https:\/\/bertrand-ranza.com\/","name":"Bertrand LACORRE-RANZA Photographe","description":"Photographie Urbex et Nature en \u00e9volution","publisher":{"@id":"https:\/\/bertrand-ranza.com\/#\/schema\/person\/04a9b6ec05b19ae1b6c392fb492b879c"},"potentialAction":[{"@type":"SearchAction","target":{"@type":"EntryPoint","urlTemplate":"https:\/\/bertrand-ranza.com\/?s={search_term_string}"},"query-input":"required name=search_term_string"}],"inLanguage":"fr-FR"},{"@type":["Person","Organization"],"@id":"https:\/\/bertrand-ranza.com\/#\/schema\/person\/04a9b6ec05b19ae1b6c392fb492b879c","name":"Bertrand Lacorre-Ranza","image":{"@type":"ImageObject","inLanguage":"fr-FR","@id":"https:\/\/bertrand-ranza.com\/#\/schema\/person\/image\/","url":"https:\/\/bertrand-ranza.com\/wp-content\/uploads\/2024\/01\/Auto-portrait-edited-scaled.jpg","contentUrl":"https:\/\/bertrand-ranza.com\/wp-content\/uploads\/2024\/01\/Auto-portrait-edited-scaled.jpg","width":2560,"height":1920,"caption":"Bertrand Lacorre-Ranza"},"logo":{"@id":"https:\/\/bertrand-ranza.com\/#\/schema\/person\/image\/"},"description":"Bertrand Lacorre-Ranza Photographe Urbex et Nature","sameAs":["http:\/\/bertrand-ranza.com","https:\/\/www.facebook.com\/bertrandranza","https:\/\/www.instagram.com\/b.ranza1\/"]}]}},"_links":{"self":[{"href":"https:\/\/bertrand-ranza.com\/index.php\/wp-json\/wp\/v2\/pages\/281","targetHints":{"allow":["GET"]}}],"collection":[{"href":"https:\/\/bertrand-ranza.com\/index.php\/wp-json\/wp\/v2\/pages"}],"about":[{"href":"https:\/\/bertrand-ranza.com\/index.php\/wp-json\/wp\/v2\/types\/page"}],"author":[{"embeddable":true,"href":"https:\/\/bertrand-ranza.com\/index.php\/wp-json\/wp\/v2\/users\/1"}],"replies":[{"embeddable":true,"href":"https:\/\/bertrand-ranza.com\/index.php\/wp-json\/wp\/v2\/comments?post=281"}],"version-history":[{"count":40,"href":"https:\/\/bertrand-ranza.com\/index.php\/wp-json\/wp\/v2\/pages\/281\/revisions"}],"predecessor-version":[{"id":2317,"href":"https:\/\/bertrand-ranza.com\/index.php\/wp-json\/wp\/v2\/pages\/281\/revisions\/2317"}],"up":[{"embeddable":true,"href":"https:\/\/bertrand-ranza.com\/index.php\/wp-json\/wp\/v2\/pages\/20"}],"wp:featuredmedia":[{"embeddable":true,"href":"https:\/\/bertrand-ranza.com\/index.php\/wp-json\/wp\/v2\/media\/779"}],"wp:attachment":[{"href":"https:\/\/bertrand-ranza.com\/index.php\/wp-json\/wp\/v2\/media?parent=281"}],"curies":[{"name":"wp","href":"https:\/\/api.w.org\/{rel}","templated":true}]}}