{"id":19,"date":"2023-12-24T19:01:03","date_gmt":"2023-12-24T18:01:03","guid":{"rendered":"http:\/\/bertrand-ranza.com\/?page_id=19"},"modified":"2025-09-03T19:11:52","modified_gmt":"2025-09-03T17:11:52","slug":"contact-acheter-photographie","status":"publish","type":"page","link":"https:\/\/bertrand-ranza.com\/index.php\/contact-acheter-photographie\/","title":{"rendered":"Contact"},"content":{"rendered":"\n<div class=\"wp-block-columns is-layout-flex wp-container-core-columns-is-layout-e76a7a35 wp-block-columns-is-layout-flex\" style=\"padding-right:var(--wp--preset--spacing--small);padding-left:var(--wp--preset--spacing--small)\">\n<div class=\"wp-block-column is-layout-flow wp-block-column-is-layout-flow\">\n<figure class=\"wp-block-image size-large\"><img loading=\"lazy\" decoding=\"async\" width=\"1024\" height=\"671\" src=\"http:\/\/bertrand-ranza.com\/wp-content\/uploads\/2024\/04\/Autoportrait-1-1024x671.jpg\" alt=\"Bertrand Lacorre-Ranza Photographe Urbex autoportrait\" class=\"wp-image-953\" srcset=\"https:\/\/bertrand-ranza.com\/wp-content\/uploads\/2024\/04\/Autoportrait-1-1024x671.jpg 1024w, https:\/\/bertrand-ranza.com\/wp-content\/uploads\/2024\/04\/Autoportrait-1-300x197.jpg 300w, https:\/\/bertrand-ranza.com\/wp-content\/uploads\/2024\/04\/Autoportrait-1.jpg 1230w\" sizes=\"auto, (max-width: 1024px) 100vw, 1024px\" \/><\/figure>\n<\/div>\n\n\n\n<div class=\"wp-block-column is-layout-flow wp-block-column-is-layout-flow\">\n<pre class=\"wp-block-verse has-medium-font-size\"><strong>Osez vous faire plaisir avec une photographie d\u00e9cal\u00e9e qui sort de l'ordinaire, osez surprendre et faire r\u00e9agir ! <br><br>Toutes les photographies sont disponibles en tirages num\u00e9rot\u00e9s, limit\u00e9s \u00e0 10 exemplaires et sign\u00e9s (certificat d'authenticit\u00e9), tous formats confondus avec ou sans encadrement.<br>Exemples de formats et tarifs hors transport :<br>- Format 30x45, papier coton ou baryt\u00e9, collage sur support Alu-Dibond pr\u00eat \u00e0 fixer : 190 \u20ac<br>- Format 50x75, papier coton ou baryt\u00e9, collage sur support Alu-Dibond pr\u00eat \u00e0 fixer : 265 \u20ac<\/strong><br><br><strong>Vous avez d'autres souhaits (souvenirs d'un lieu de vie par exemple\u2026), contactez moi pour en discuter !<\/strong><\/pre>\n\n\n\n<p class=\"has-text-align-left\" style=\"font-size:30px\"> <strong>TELEPHONE : 06 03 92 01 43<\/strong><\/p>\n\n\n\n<p class=\"has-text-align-left\" style=\"font-size:30px\"> <strong>EMAIL :<sup> <\/sup><a href=\"mailto:b.lacorreranza@gmail.com\">b.lacorreranza@gmail.com<\/a><\/strong><\/p>\n<\/div>\n<\/div>\n","protected":false},"excerpt":{"rendered":"<p>Osez vous faire plaisir avec une photographie d\u00e9cal\u00e9e qui sort de l&rsquo;ordinaire, osez surprendre et faire r\u00e9agir ! Toutes les photographies sont disponibles en tirages num\u00e9rot\u00e9s, limit\u00e9s \u00e0 10 exemplaires et sign\u00e9s (certificat d&rsquo;authenticit\u00e9), tous formats confondus avec ou sans encadrement.Exemples de formats et tarifs hors transport :- Format 30&#215;45, [&hellip;]<\/p>\n","protected":false},"author":1,"featured_media":0,"parent":0,"menu_order":0,"comment_status":"closed","ping_status":"closed","template":"page-templates\/full-width-builder-bb.php","meta":{"_monsterinsights_skip_tracking":false,"_monsterinsights_sitenote_active":false,"_monsterinsights_sitenote_note":"","_monsterinsights_sitenote_category":0,"footnotes":""},"class_list":["post-19","page","type-page","status-publish","hentry"],"yoast_head":"<!-- This site is optimized with the Yoast SEO plugin v23.3 - https:\/\/yoast.com\/wordpress\/plugins\/seo\/ -->\n<title>Contact - Bertrand LACORRE-RANZA<\/title>\n<meta name=\"description\" content=\"Osez vous faire plaisir en achetant une photographie num\u00e9rot\u00e9e Urbex ou Nature d\u00e9cal\u00e9e et surprenante . Contactez-moi !\" \/>\n<meta name=\"robots\" content=\"index, follow, max-snippet:-1, max-image-preview:large, max-video-preview:-1\" \/>\n<link rel=\"canonical\" href=\"https:\/\/bertrand-ranza.com\/index.php\/contact-acheter-photographie\/\" \/>\n<meta property=\"og:locale\" content=\"fr_FR\" \/>\n<meta property=\"og:type\" content=\"article\" \/>\n<meta property=\"og:title\" content=\"Contact - Bertrand LACORRE-RANZA\" \/>\n<meta property=\"og:description\" content=\"Osez vous faire plaisir en achetant une photographie num\u00e9rot\u00e9e Urbex ou Nature d\u00e9cal\u00e9e et surprenante . Contactez-moi !\" \/>\n<meta property=\"og:url\" content=\"https:\/\/bertrand-ranza.com\/index.php\/contact-acheter-photographie\/\" \/>\n<meta property=\"og:site_name\" content=\"Bertrand LACORRE-RANZA\" \/>\n<meta property=\"article:publisher\" content=\"https:\/\/www.facebook.com\/bertrandranza\" \/>\n<meta property=\"article:modified_time\" content=\"2025-09-03T17:11:52+00:00\" \/>\n<meta property=\"og:image\" content=\"http:\/\/bertrand-ranza.com\/wp-content\/uploads\/2024\/04\/Autoportrait-1-1024x671.jpg\" \/>\n<meta name=\"twitter:card\" content=\"summary_large_image\" \/>\n<meta name=\"twitter:label1\" content=\"Dur\u00e9e de lecture estim\u00e9e\" \/>\n\t<meta name=\"twitter:data1\" content=\"1 minute\" \/>\n<script type=\"application\/ld+json\" class=\"yoast-schema-graph\">{\"@context\":\"https:\/\/schema.org\",\"@graph\":[{\"@type\":\"WebPage\",\"@id\":\"https:\/\/bertrand-ranza.com\/index.php\/contact-acheter-photographie\/\",\"url\":\"https:\/\/bertrand-ranza.com\/index.php\/contact-acheter-photographie\/\",\"name\":\"Contact - Bertrand LACORRE-RANZA\",\"isPartOf\":{\"@id\":\"https:\/\/bertrand-ranza.com\/#website\"},\"primaryImageOfPage\":{\"@id\":\"https:\/\/bertrand-ranza.com\/index.php\/contact-acheter-photographie\/#primaryimage\"},\"image\":{\"@id\":\"https:\/\/bertrand-ranza.com\/index.php\/contact-acheter-photographie\/#primaryimage\"},\"thumbnailUrl\":\"http:\/\/bertrand-ranza.com\/wp-content\/uploads\/2024\/04\/Autoportrait-1-1024x671.jpg\",\"datePublished\":\"2023-12-24T18:01:03+00:00\",\"dateModified\":\"2025-09-03T17:11:52+00:00\",\"description\":\"Osez vous faire plaisir en achetant une photographie num\u00e9rot\u00e9e Urbex ou Nature d\u00e9cal\u00e9e et surprenante . Contactez-moi !\",\"breadcrumb\":{\"@id\":\"https:\/\/bertrand-ranza.com\/index.php\/contact-acheter-photographie\/#breadcrumb\"},\"inLanguage\":\"fr-FR\",\"potentialAction\":[{\"@type\":\"ReadAction\",\"target\":[\"https:\/\/bertrand-ranza.com\/index.php\/contact-acheter-photographie\/\"]}]},{\"@type\":\"ImageObject\",\"inLanguage\":\"fr-FR\",\"@id\":\"https:\/\/bertrand-ranza.com\/index.php\/contact-acheter-photographie\/#primaryimage\",\"url\":\"https:\/\/bertrand-ranza.com\/wp-content\/uploads\/2024\/04\/Autoportrait-1.jpg\",\"contentUrl\":\"https:\/\/bertrand-ranza.com\/wp-content\/uploads\/2024\/04\/Autoportrait-1.jpg\",\"width\":1230,\"height\":806},{\"@type\":\"BreadcrumbList\",\"@id\":\"https:\/\/bertrand-ranza.com\/index.php\/contact-acheter-photographie\/#breadcrumb\",\"itemListElement\":[{\"@type\":\"ListItem\",\"position\":1,\"name\":\"Accueil\",\"item\":\"https:\/\/bertrand-ranza.com\/\"},{\"@type\":\"ListItem\",\"position\":2,\"name\":\"Contact\"}]},{\"@type\":\"WebSite\",\"@id\":\"https:\/\/bertrand-ranza.com\/#website\",\"url\":\"https:\/\/bertrand-ranza.com\/\",\"name\":\"Bertrand LACORRE-RANZA Photographe\",\"description\":\"Photographie Urbex et Nature en \u00e9volution\",\"publisher\":{\"@id\":\"https:\/\/bertrand-ranza.com\/#\/schema\/person\/04a9b6ec05b19ae1b6c392fb492b879c\"},\"potentialAction\":[{\"@type\":\"SearchAction\",\"target\":{\"@type\":\"EntryPoint\",\"urlTemplate\":\"https:\/\/bertrand-ranza.com\/?s={search_term_string}\"},\"query-input\":\"required name=search_term_string\"}],\"inLanguage\":\"fr-FR\"},{\"@type\":[\"Person\",\"Organization\"],\"@id\":\"https:\/\/bertrand-ranza.com\/#\/schema\/person\/04a9b6ec05b19ae1b6c392fb492b879c\",\"name\":\"Bertrand Lacorre-Ranza\",\"image\":{\"@type\":\"ImageObject\",\"inLanguage\":\"fr-FR\",\"@id\":\"https:\/\/bertrand-ranza.com\/#\/schema\/person\/image\/\",\"url\":\"https:\/\/bertrand-ranza.com\/wp-content\/uploads\/2024\/01\/Auto-portrait-edited-scaled.jpg\",\"contentUrl\":\"https:\/\/bertrand-ranza.com\/wp-content\/uploads\/2024\/01\/Auto-portrait-edited-scaled.jpg\",\"width\":2560,\"height\":1920,\"caption\":\"Bertrand Lacorre-Ranza\"},\"logo\":{\"@id\":\"https:\/\/bertrand-ranza.com\/#\/schema\/person\/image\/\"},\"description\":\"Bertrand Lacorre-Ranza Photographe Urbex et Nature\",\"sameAs\":[\"http:\/\/bertrand-ranza.com\",\"https:\/\/www.facebook.com\/bertrandranza\",\"https:\/\/www.instagram.com\/b.ranza1\/\"]}]}<\/script>\n<!-- \/ Yoast SEO plugin. -->","yoast_head_json":{"title":"Contact - Bertrand LACORRE-RANZA","description":"Osez vous faire plaisir en achetant une photographie num\u00e9rot\u00e9e Urbex ou Nature d\u00e9cal\u00e9e et surprenante . Contactez-moi !","robots":{"index":"index","follow":"follow","max-snippet":"max-snippet:-1","max-image-preview":"max-image-preview:large","max-video-preview":"max-video-preview:-1"},"canonical":"https:\/\/bertrand-ranza.com\/index.php\/contact-acheter-photographie\/","og_locale":"fr_FR","og_type":"article","og_title":"Contact - Bertrand LACORRE-RANZA","og_description":"Osez vous faire plaisir en achetant une photographie num\u00e9rot\u00e9e Urbex ou Nature d\u00e9cal\u00e9e et surprenante . Contactez-moi !","og_url":"https:\/\/bertrand-ranza.com\/index.php\/contact-acheter-photographie\/","og_site_name":"Bertrand LACORRE-RANZA","article_publisher":"https:\/\/www.facebook.com\/bertrandranza","article_modified_time":"2025-09-03T17:11:52+00:00","og_image":[{"url":"http:\/\/bertrand-ranza.com\/wp-content\/uploads\/2024\/04\/Autoportrait-1-1024x671.jpg"}],"twitter_card":"summary_large_image","twitter_misc":{"Dur\u00e9e de lecture estim\u00e9e":"1 minute"},"schema":{"@context":"https:\/\/schema.org","@graph":[{"@type":"WebPage","@id":"https:\/\/bertrand-ranza.com\/index.php\/contact-acheter-photographie\/","url":"https:\/\/bertrand-ranza.com\/index.php\/contact-acheter-photographie\/","name":"Contact - Bertrand LACORRE-RANZA","isPartOf":{"@id":"https:\/\/bertrand-ranza.com\/#website"},"primaryImageOfPage":{"@id":"https:\/\/bertrand-ranza.com\/index.php\/contact-acheter-photographie\/#primaryimage"},"image":{"@id":"https:\/\/bertrand-ranza.com\/index.php\/contact-acheter-photographie\/#primaryimage"},"thumbnailUrl":"http:\/\/bertrand-ranza.com\/wp-content\/uploads\/2024\/04\/Autoportrait-1-1024x671.jpg","datePublished":"2023-12-24T18:01:03+00:00","dateModified":"2025-09-03T17:11:52+00:00","description":"Osez vous faire plaisir en achetant une photographie num\u00e9rot\u00e9e Urbex ou Nature d\u00e9cal\u00e9e et surprenante . Contactez-moi !","breadcrumb":{"@id":"https:\/\/bertrand-ranza.com\/index.php\/contact-acheter-photographie\/#breadcrumb"},"inLanguage":"fr-FR","potentialAction":[{"@type":"ReadAction","target":["https:\/\/bertrand-ranza.com\/index.php\/contact-acheter-photographie\/"]}]},{"@type":"ImageObject","inLanguage":"fr-FR","@id":"https:\/\/bertrand-ranza.com\/index.php\/contact-acheter-photographie\/#primaryimage","url":"https:\/\/bertrand-ranza.com\/wp-content\/uploads\/2024\/04\/Autoportrait-1.jpg","contentUrl":"https:\/\/bertrand-ranza.com\/wp-content\/uploads\/2024\/04\/Autoportrait-1.jpg","width":1230,"height":806},{"@type":"BreadcrumbList","@id":"https:\/\/bertrand-ranza.com\/index.php\/contact-acheter-photographie\/#breadcrumb","itemListElement":[{"@type":"ListItem","position":1,"name":"Accueil","item":"https:\/\/bertrand-ranza.com\/"},{"@type":"ListItem","position":2,"name":"Contact"}]},{"@type":"WebSite","@id":"https:\/\/bertrand-ranza.com\/#website","url":"https:\/\/bertrand-ranza.com\/","name":"Bertrand LACORRE-RANZA Photographe","description":"Photographie Urbex et Nature en \u00e9volution","publisher":{"@id":"https:\/\/bertrand-ranza.com\/#\/schema\/person\/04a9b6ec05b19ae1b6c392fb492b879c"},"potentialAction":[{"@type":"SearchAction","target":{"@type":"EntryPoint","urlTemplate":"https:\/\/bertrand-ranza.com\/?s={search_term_string}"},"query-input":"required name=search_term_string"}],"inLanguage":"fr-FR"},{"@type":["Person","Organization"],"@id":"https:\/\/bertrand-ranza.com\/#\/schema\/person\/04a9b6ec05b19ae1b6c392fb492b879c","name":"Bertrand Lacorre-Ranza","image":{"@type":"ImageObject","inLanguage":"fr-FR","@id":"https:\/\/bertrand-ranza.com\/#\/schema\/person\/image\/","url":"https:\/\/bertrand-ranza.com\/wp-content\/uploads\/2024\/01\/Auto-portrait-edited-scaled.jpg","contentUrl":"https:\/\/bertrand-ranza.com\/wp-content\/uploads\/2024\/01\/Auto-portrait-edited-scaled.jpg","width":2560,"height":1920,"caption":"Bertrand Lacorre-Ranza"},"logo":{"@id":"https:\/\/bertrand-ranza.com\/#\/schema\/person\/image\/"},"description":"Bertrand Lacorre-Ranza Photographe Urbex et Nature","sameAs":["http:\/\/bertrand-ranza.com","https:\/\/www.facebook.com\/bertrandranza","https:\/\/www.instagram.com\/b.ranza1\/"]}]}},"_links":{"self":[{"href":"https:\/\/bertrand-ranza.com\/index.php\/wp-json\/wp\/v2\/pages\/19","targetHints":{"allow":["GET"]}}],"collection":[{"href":"https:\/\/bertrand-ranza.com\/index.php\/wp-json\/wp\/v2\/pages"}],"about":[{"href":"https:\/\/bertrand-ranza.com\/index.php\/wp-json\/wp\/v2\/types\/page"}],"author":[{"embeddable":true,"href":"https:\/\/bertrand-ranza.com\/index.php\/wp-json\/wp\/v2\/users\/1"}],"replies":[{"embeddable":true,"href":"https:\/\/bertrand-ranza.com\/index.php\/wp-json\/wp\/v2\/comments?post=19"}],"version-history":[{"count":100,"href":"https:\/\/bertrand-ranza.com\/index.php\/wp-json\/wp\/v2\/pages\/19\/revisions"}],"predecessor-version":[{"id":2596,"href":"https:\/\/bertrand-ranza.com\/index.php\/wp-json\/wp\/v2\/pages\/19\/revisions\/2596"}],"wp:attachment":[{"href":"https:\/\/bertrand-ranza.com\/index.php\/wp-json\/wp\/v2\/media?parent=19"}],"curies":[{"name":"wp","href":"https:\/\/api.w.org\/{rel}","templated":true}]}}