{"id":17,"date":"2023-12-24T19:01:03","date_gmt":"2023-12-24T18:01:03","guid":{"rendered":"http:\/\/bertrand-ranza.com\/?page_id=17"},"modified":"2026-01-16T16:31:43","modified_gmt":"2026-01-16T15:31:43","slug":"photographie-urbex","status":"publish","type":"page","link":"https:\/\/bertrand-ranza.com\/","title":{"rendered":"A mon sujet"},"content":{"rendered":"\n<div class=\"wp-block-columns is-layout-flex wp-container-core-columns-is-layout-28f84493 wp-block-columns-is-layout-flex\">\n<div class=\"wp-block-column is-layout-flow wp-block-column-is-layout-flow\" style=\"flex-basis:100%\">\n<div class=\"wp-block-cover alignfull has-parallax\" style=\"min-height:100vh;aspect-ratio:unset;\"><div class=\"wp-block-cover__image-background wp-image-1754 has-parallax\" style=\"background-position:50% 50%;background-image:url(http:\/\/bertrand-ranza.com\/wp-content\/uploads\/2024\/08\/DSC_5938-scaled.jpg)\"><\/div><span aria-hidden=\"true\" class=\"wp-block-cover__background has-background-dim-0 has-background-dim\" style=\"background-color:#FFF\"><\/span><div class=\"wp-block-cover__inner-container has-global-padding is-layout-constrained wp-block-cover-is-layout-constrained\">\n<h1 class=\"wp-block-heading has-text-align-center has-white-color has-text-color has-max-60-font-size\"><strong><em>Esth\u00e9tique d&rsquo;une d\u00e9composition<\/em><\/strong><\/h1>\n\n\n\n<div style=\"height:0px\" aria-hidden=\"true\" class=\"wp-block-spacer\"><\/div>\n\n\n\n<div class=\"wp-block-buttons is-content-justification-center is-layout-flex wp-container-core-buttons-is-layout-a89b3969 wp-block-buttons-is-layout-flex\">\n<div class=\"wp-block-button is-style-outline is-style-outline--1\"><a class=\"wp-block-button__link has-white-color has-text-color wp-element-button\" href=\"https:\/\/bertrand-ranza.com\/index.php\/blog\/urbex\/\" style=\"border-radius:0px\">D\u00e9couvrir mon travail<\/a><\/div>\n<\/div>\n<\/div><\/div>\n<\/div>\n<\/div>\n\n\n\n<div style=\"height:var(--wp--preset--spacing--x-small)\" aria-hidden=\"true\" class=\"wp-block-spacer\"><\/div>\n\n\n\n<div class=\"wp-block-columns is-layout-flex wp-container-core-columns-is-layout-e76a7a35 wp-block-columns-is-layout-flex\" style=\"padding-right:var(--wp--preset--spacing--small);padding-left:var(--wp--preset--spacing--small)\">\n<div class=\"wp-block-column is-layout-flow wp-block-column-is-layout-flow\">\n<h2 class=\"wp-block-heading\">BERTRAND LACORRE-RANZA<\/h2>\n\n\n\n<pre class=\"wp-block-verse\" style=\"font-size:15px\">Je suis photographe ind\u00e9pendant et autodidacte, curieux de nature, j'observe ce qui se passe autour de moi. Je m'attache \u00e0 r\u00e9v\u00e9ler une esth\u00e9tique bien particuli\u00e8re voire d\u00e9rangeante, celle d'une d\u00e9composition ; la d\u00e9composition de nos environnements, ces environnements dont nous d\u00e9pendons pleinement. <br>Je cherche \u00e0 me faire plaisir, \u00e0 m\u2019exprimer, \u00e0 g\u00e9n\u00e9rer des r\u00e9actions, des propos et des sourires. J'essaye d\u2019apporter ma vision des choses, mon ressenti, mes sensibilit\u00e9s, et de les communiquer.<br><br>R\u00e9veiller les esprits, bousculer les clich\u00e9s de mode, st\u00e9r\u00e9otyp\u00e9s et politiquement corrects sont mes objectifs de photographe.<\/pre>\n<\/div>\n\n\n\n<div class=\"wp-block-column is-layout-flow wp-block-column-is-layout-flow\">\n<figure class=\"wp-block-image size-large is-resized\"><img loading=\"lazy\" decoding=\"async\" width=\"1024\" height=\"680\" src=\"http:\/\/bertrand-ranza.com\/wp-content\/uploads\/2024\/04\/Auto-portrait-1024x680.jpg\" alt=\"Bertrand Lacorre-Ranza - Photographe Urbex Nature\" class=\"wp-image-832\" style=\"width:616px;height:auto\" srcset=\"https:\/\/bertrand-ranza.com\/wp-content\/uploads\/2024\/04\/Auto-portrait-1024x680.jpg 1024w, https:\/\/bertrand-ranza.com\/wp-content\/uploads\/2024\/04\/Auto-portrait-300x199.jpg 300w, https:\/\/bertrand-ranza.com\/wp-content\/uploads\/2024\/04\/Auto-portrait-2000x1328.jpg 2000w\" sizes=\"auto, (max-width: 1024px) 100vw, 1024px\" \/><\/figure>\n<\/div>\n<\/div>\n\n\n\n<div style=\"height:var(--wp--preset--spacing--x-small)\" aria-hidden=\"true\" class=\"wp-block-spacer\"><\/div>\n\n\n\n<div class=\"wp-block-columns is-layout-flex wp-container-core-columns-is-layout-e76a7a35 wp-block-columns-is-layout-flex\" style=\"padding-right:var(--wp--preset--spacing--small);padding-left:var(--wp--preset--spacing--small)\">\n<div class=\"wp-block-column is-layout-flow wp-block-column-is-layout-flow\">\n<pre class=\"wp-block-verse\" style=\"font-size:15px\"><strong>MON CONCEPT<\/strong> <strong>: Esth\u00e9tique d'une d\u00e9composition<\/strong><br>La d\u00e9composition d\u2019un espace de vie, d\u2019histoires humaines et du vivant en g\u00e9n\u00e9ral.<br>Le contexte d\u2019aujourd\u2019hui est propice aux disparitions de v\u00e9cus, d\u2019histoires, d\u2019espaces naturels et sociaux qui ne pr\u00e9sentent selon nos codes aucun int\u00e9r\u00eat ni politique, ni \u00e9conomique, ni artistique. Laisser se d\u00e9composer une partie de la r\u00e9alit\u00e9, c\u2019est tourner la t\u00eate ailleurs vers d\u2019autres horizons plus propres, plus beaux et plus rassurants ; des horizons qui ne sont finalement qu'illusions. <br>Chacun sait que notre futur est construit sur notre pass\u00e9 et nos actes du moment. Il s'agit de le rappeler.<br>C'est pourquoi, j'aborde deux th\u00e8mes se d\u00e9clinant en plusieurs sujets.<br><br><strong>Mon premier th\u00e8me est l'URBEX. <\/strong><br>Je m\u2019inscris dans une d\u00e9marche de m\u00e9moire envers des empreintes d'histoires \u00e9conomiques et sociales, de v\u00e9cus de gens ordinaires, d'une culture du travail et de la consommation. Je recherche les atmosph\u00e8res disparues pour les comprendre, partager et s'en souvenir, et accompagner le spectateur-consommateur \u00e0 se retourner vers l'irregardable, la d\u00e9gradation de notre culture et de notre humanit\u00e9. <br>La m\u00e9moire de ces lieux et de ces temps s\u2019efface sur la pointe des pieds, jet\u00e9s \u00e0 l\u2019usure du temps, grand nettoyeur sans scrupule, ils se d\u00e9composent ; d\u00e9composition d\u2019un espace o\u00f9 la vie et la mort s\u2019entrechoquent, d\u00e9composition d\u00e9voreuse d\u2019histoires d\u2019hommes et de femmes, d'histoires abandonn\u00e9es, toutes interdites au souvenir. <br>L\u2019esth\u00e9tique de la honte, de la culpabilit\u00e9 et finalement de la pourriture. Tous responsables, tous exploiteurs des uns et des autres pour consommer, consommer encore et encore sans jamais regarder derri\u00e8re soi un d\u00e9cor de d\u00e9solation. Et pourtant, cette esth\u00e9tique vraie si singuli\u00e8re remplit notre quotidien. Le beau consomm\u00e9 n\u2019est que la m\u00e9tamorphose de cette esth\u00e9tique du d\u00e9compos\u00e9. Un beau factice qui n\u2019est que perception, qu\u2019un emballage. Une soci\u00e9t\u00e9 construite sur cette tromperie ne peut que se d\u00e9composer \u00e0 son tour, et devenir d\u00e9chet.<\/pre>\n<\/div>\n\n\n\n<div class=\"wp-block-column is-layout-flow wp-block-column-is-layout-flow\">\n<pre class=\"wp-block-verse\" style=\"font-size:15px\"><strong>Mon second th\u00e8me est la NATURE.<\/strong><br>Quand nous sommes arriv\u00e9s, nous les humains, la plan\u00e8te terre depuis fort longtemps, 4.5 milliards d\u2019ann\u00e9es, \u00e9tait belle, riche et g\u00e9n\u00e9reuse. Mais la r\u00e9volution industrielle initi\u00e9e au XVIII\u00e8me si\u00e8cle, \u00e2ge de d\u00e9part suppos\u00e9 de l\u2019\u00e8re anthropoc\u00e8ne (Paul Josef Crutzen), va faire basculer la soci\u00e9t\u00e9 essentiellement artisanale et agraire (l\u2019homme \u00e9volu\u00e9) vers une soci\u00e9t\u00e9 commerciale et industrielle (l\u2019homme technologique), point de d\u00e9part d\u2019un processus de d\u00e9figuration et d\u2019exploitation \u00e0 outrance de la nature. Il nous aura fallu moins de 250 ans pour \u00e9puiser ce qui a \u00e9t\u00e9 cr\u00e9\u00e9 durant des millions d'ann\u00e9es, c'est \u00e0 dire les r\u00e9serves de p\u00e9trole, de gaz, de charbon et d\u2019uranium identifi\u00e9es, sans oublier dans un futur tr\u00e8s proche les terres agricoles. <br>Il est devenu \u00e9vident que le niveau d\u2019activit\u00e9 atteint aujourd\u2019hui par l\u2019humanit\u00e9 constitue une catastrophe que l\u2019on ne peut plus n\u00e9gliger.<br>Cette d\u00e9composition engendr\u00e9e par l\u2019homo-economicus pour son profit personnel, sans partage, laisse des empreintes profondes comme de v\u00e9ritables cicatrices terrestres. La terre intoxiqu\u00e9e s\u2019appauvrit tr\u00e8s rapidement. Pour m\u00e9moire, l\u2019homme technologique (aujourd\u2019hui) consomme cent fois plus que l\u2019homme primitif et dix fois plus que l\u2019homme \u00e9volu\u00e9. Cette surconsommation engendre du d\u00e9chet en grande quantit\u00e9, un d\u00e9chet durable et toxique.<br><br><strong>La terre deviendrait elle dangereuse ?<\/strong> <strong>Ce que nous croyons fort devient fragile.<\/strong><br>Dans nos r\u00e9gions, les montagnes s\u2019effondrent, les for\u00eats d\u00e9p\u00e9rissent, la biodiversit\u00e9 s\u2019appauvrit, les glaciers reculent, les lacs de montagne s\u2019\u00e9vaporent, la vie se meurt. La liste est tristement longue. Le bonheur nous \u00e9chappe.<br>Aujourd\u2019hui, chacun peut voir cette d\u00e9composition au quotidien. A un moment donn\u00e9, parce que le temps manquera, les mesures vont forc\u00e9ment devenir radicales. Ce qui aurait pu se faire avec douceur, se fera avec brutalit\u00e9. <\/pre>\n\n\n\n<div style=\"height:var(--wp--preset--spacing--x-small)\" aria-hidden=\"true\" class=\"wp-block-spacer\"><\/div>\n<\/div>\n<\/div>\n","protected":false},"excerpt":{"rendered":"<p>BERTRAND LACORRE-RANZA Je suis photographe ind\u00e9pendant et autodidacte, curieux de nature, j&rsquo;observe ce qui se passe autour de moi. Je m&rsquo;attache \u00e0 r\u00e9v\u00e9ler une esth\u00e9tique bien particuli\u00e8re voire d\u00e9rangeante, celle d&rsquo;une d\u00e9composition ; la d\u00e9composition de nos environnements, ces environnements dont nous d\u00e9pendons pleinement. Je cherche \u00e0 me faire plaisir, [&hellip;]<\/p>\n","protected":false},"author":1,"featured_media":0,"parent":0,"menu_order":0,"comment_status":"open","ping_status":"closed","template":"page-templates\/homepage-builder-bb.php","meta":{"_monsterinsights_skip_tracking":false,"_monsterinsights_sitenote_active":false,"_monsterinsights_sitenote_note":"","_monsterinsights_sitenote_category":0,"footnotes":""},"class_list":["post-17","page","type-page","status-publish","hentry"],"yoast_head":"<!-- This site is optimized with the Yoast SEO plugin v23.3 - https:\/\/yoast.com\/wordpress\/plugins\/seo\/ -->\n<title>A mon sujet - Bertrand LACORRE-RANZA<\/title>\n<meta name=\"description\" content=\"Je suis photographe sp\u00e9cialis\u00e9 Urbex et photos de la Nature en \u00e9volution. Mon concept : &quot; Esth\u00e9tique d&#039;une d\u00e9composition&quot;. Explorez le !\" \/>\n<meta name=\"robots\" content=\"index, follow, max-snippet:-1, max-image-preview:large, max-video-preview:-1\" \/>\n<link rel=\"canonical\" href=\"https:\/\/bertrand-ranza.com\/\" \/>\n<meta property=\"og:locale\" content=\"fr_FR\" \/>\n<meta property=\"og:type\" content=\"article\" \/>\n<meta property=\"og:title\" content=\"A mon sujet - Bertrand LACORRE-RANZA\" \/>\n<meta property=\"og:description\" content=\"Je suis photographe sp\u00e9cialis\u00e9 Urbex et photos de la Nature en \u00e9volution. Mon concept : &quot; Esth\u00e9tique d&#039;une d\u00e9composition&quot;. Explorez le !\" \/>\n<meta property=\"og:url\" content=\"https:\/\/bertrand-ranza.com\/\" \/>\n<meta property=\"og:site_name\" content=\"Bertrand LACORRE-RANZA\" \/>\n<meta property=\"article:publisher\" content=\"https:\/\/www.facebook.com\/bertrandranza\" \/>\n<meta property=\"article:modified_time\" content=\"2026-01-16T15:31:43+00:00\" \/>\n<meta property=\"og:image\" content=\"http:\/\/bertrand-ranza.com\/wp-content\/uploads\/2024\/04\/Auto-portrait-1024x680.jpg\" \/>\n<meta name=\"twitter:card\" content=\"summary_large_image\" \/>\n<meta name=\"twitter:label1\" content=\"Dur\u00e9e de lecture estim\u00e9e\" \/>\n\t<meta name=\"twitter:data1\" content=\"1 minute\" \/>\n<script type=\"application\/ld+json\" class=\"yoast-schema-graph\">{\"@context\":\"https:\/\/schema.org\",\"@graph\":[{\"@type\":\"WebPage\",\"@id\":\"https:\/\/bertrand-ranza.com\/\",\"url\":\"https:\/\/bertrand-ranza.com\/\",\"name\":\"A mon sujet - Bertrand LACORRE-RANZA\",\"isPartOf\":{\"@id\":\"https:\/\/bertrand-ranza.com\/#website\"},\"primaryImageOfPage\":{\"@id\":\"https:\/\/bertrand-ranza.com\/#primaryimage\"},\"image\":{\"@id\":\"https:\/\/bertrand-ranza.com\/#primaryimage\"},\"thumbnailUrl\":\"http:\/\/bertrand-ranza.com\/wp-content\/uploads\/2024\/04\/Auto-portrait-1024x680.jpg\",\"datePublished\":\"2023-12-24T18:01:03+00:00\",\"dateModified\":\"2026-01-16T15:31:43+00:00\",\"description\":\"Je suis photographe sp\u00e9cialis\u00e9 Urbex et photos de la Nature en \u00e9volution. Mon concept : \\\" Esth\u00e9tique d'une d\u00e9composition\\\". Explorez le !\",\"breadcrumb\":{\"@id\":\"https:\/\/bertrand-ranza.com\/#breadcrumb\"},\"inLanguage\":\"fr-FR\",\"potentialAction\":[{\"@type\":\"ReadAction\",\"target\":[\"https:\/\/bertrand-ranza.com\/\"]}]},{\"@type\":\"ImageObject\",\"inLanguage\":\"fr-FR\",\"@id\":\"https:\/\/bertrand-ranza.com\/#primaryimage\",\"url\":\"https:\/\/bertrand-ranza.com\/wp-content\/uploads\/2024\/04\/Auto-portrait-scaled.jpg\",\"contentUrl\":\"https:\/\/bertrand-ranza.com\/wp-content\/uploads\/2024\/04\/Auto-portrait-scaled.jpg\",\"width\":2560,\"height\":1700},{\"@type\":\"BreadcrumbList\",\"@id\":\"https:\/\/bertrand-ranza.com\/#breadcrumb\",\"itemListElement\":[{\"@type\":\"ListItem\",\"position\":1,\"name\":\"Accueil\",\"item\":\"https:\/\/bertrand-ranza.com\/\"},{\"@type\":\"ListItem\",\"position\":2,\"name\":\"A mon sujet\"}]},{\"@type\":\"WebSite\",\"@id\":\"https:\/\/bertrand-ranza.com\/#website\",\"url\":\"https:\/\/bertrand-ranza.com\/\",\"name\":\"Bertrand LACORRE-RANZA Photographe\",\"description\":\"Photographie Urbex et Nature en \u00e9volution\",\"publisher\":{\"@id\":\"https:\/\/bertrand-ranza.com\/#\/schema\/person\/04a9b6ec05b19ae1b6c392fb492b879c\"},\"potentialAction\":[{\"@type\":\"SearchAction\",\"target\":{\"@type\":\"EntryPoint\",\"urlTemplate\":\"https:\/\/bertrand-ranza.com\/?s={search_term_string}\"},\"query-input\":\"required name=search_term_string\"}],\"inLanguage\":\"fr-FR\"},{\"@type\":[\"Person\",\"Organization\"],\"@id\":\"https:\/\/bertrand-ranza.com\/#\/schema\/person\/04a9b6ec05b19ae1b6c392fb492b879c\",\"name\":\"Bertrand Lacorre-Ranza\",\"image\":{\"@type\":\"ImageObject\",\"inLanguage\":\"fr-FR\",\"@id\":\"https:\/\/bertrand-ranza.com\/#\/schema\/person\/image\/\",\"url\":\"https:\/\/bertrand-ranza.com\/wp-content\/uploads\/2024\/01\/Auto-portrait-edited-scaled.jpg\",\"contentUrl\":\"https:\/\/bertrand-ranza.com\/wp-content\/uploads\/2024\/01\/Auto-portrait-edited-scaled.jpg\",\"width\":2560,\"height\":1920,\"caption\":\"Bertrand Lacorre-Ranza\"},\"logo\":{\"@id\":\"https:\/\/bertrand-ranza.com\/#\/schema\/person\/image\/\"},\"description\":\"Bertrand Lacorre-Ranza Photographe Urbex et Nature\",\"sameAs\":[\"http:\/\/bertrand-ranza.com\",\"https:\/\/www.facebook.com\/bertrandranza\",\"https:\/\/www.instagram.com\/b.ranza1\/\"]}]}<\/script>\n<!-- \/ Yoast SEO plugin. -->","yoast_head_json":{"title":"A mon sujet - Bertrand LACORRE-RANZA","description":"Je suis photographe sp\u00e9cialis\u00e9 Urbex et photos de la Nature en \u00e9volution. Mon concept : \" Esth\u00e9tique d'une d\u00e9composition\". Explorez le !","robots":{"index":"index","follow":"follow","max-snippet":"max-snippet:-1","max-image-preview":"max-image-preview:large","max-video-preview":"max-video-preview:-1"},"canonical":"https:\/\/bertrand-ranza.com\/","og_locale":"fr_FR","og_type":"article","og_title":"A mon sujet - Bertrand LACORRE-RANZA","og_description":"Je suis photographe sp\u00e9cialis\u00e9 Urbex et photos de la Nature en \u00e9volution. Mon concept : \" Esth\u00e9tique d'une d\u00e9composition\". Explorez le !","og_url":"https:\/\/bertrand-ranza.com\/","og_site_name":"Bertrand LACORRE-RANZA","article_publisher":"https:\/\/www.facebook.com\/bertrandranza","article_modified_time":"2026-01-16T15:31:43+00:00","og_image":[{"url":"http:\/\/bertrand-ranza.com\/wp-content\/uploads\/2024\/04\/Auto-portrait-1024x680.jpg"}],"twitter_card":"summary_large_image","twitter_misc":{"Dur\u00e9e de lecture estim\u00e9e":"1 minute"},"schema":{"@context":"https:\/\/schema.org","@graph":[{"@type":"WebPage","@id":"https:\/\/bertrand-ranza.com\/","url":"https:\/\/bertrand-ranza.com\/","name":"A mon sujet - Bertrand LACORRE-RANZA","isPartOf":{"@id":"https:\/\/bertrand-ranza.com\/#website"},"primaryImageOfPage":{"@id":"https:\/\/bertrand-ranza.com\/#primaryimage"},"image":{"@id":"https:\/\/bertrand-ranza.com\/#primaryimage"},"thumbnailUrl":"http:\/\/bertrand-ranza.com\/wp-content\/uploads\/2024\/04\/Auto-portrait-1024x680.jpg","datePublished":"2023-12-24T18:01:03+00:00","dateModified":"2026-01-16T15:31:43+00:00","description":"Je suis photographe sp\u00e9cialis\u00e9 Urbex et photos de la Nature en \u00e9volution. Mon concept : \" Esth\u00e9tique d'une d\u00e9composition\". Explorez le !","breadcrumb":{"@id":"https:\/\/bertrand-ranza.com\/#breadcrumb"},"inLanguage":"fr-FR","potentialAction":[{"@type":"ReadAction","target":["https:\/\/bertrand-ranza.com\/"]}]},{"@type":"ImageObject","inLanguage":"fr-FR","@id":"https:\/\/bertrand-ranza.com\/#primaryimage","url":"https:\/\/bertrand-ranza.com\/wp-content\/uploads\/2024\/04\/Auto-portrait-scaled.jpg","contentUrl":"https:\/\/bertrand-ranza.com\/wp-content\/uploads\/2024\/04\/Auto-portrait-scaled.jpg","width":2560,"height":1700},{"@type":"BreadcrumbList","@id":"https:\/\/bertrand-ranza.com\/#breadcrumb","itemListElement":[{"@type":"ListItem","position":1,"name":"Accueil","item":"https:\/\/bertrand-ranza.com\/"},{"@type":"ListItem","position":2,"name":"A mon sujet"}]},{"@type":"WebSite","@id":"https:\/\/bertrand-ranza.com\/#website","url":"https:\/\/bertrand-ranza.com\/","name":"Bertrand LACORRE-RANZA Photographe","description":"Photographie Urbex et Nature en \u00e9volution","publisher":{"@id":"https:\/\/bertrand-ranza.com\/#\/schema\/person\/04a9b6ec05b19ae1b6c392fb492b879c"},"potentialAction":[{"@type":"SearchAction","target":{"@type":"EntryPoint","urlTemplate":"https:\/\/bertrand-ranza.com\/?s={search_term_string}"},"query-input":"required name=search_term_string"}],"inLanguage":"fr-FR"},{"@type":["Person","Organization"],"@id":"https:\/\/bertrand-ranza.com\/#\/schema\/person\/04a9b6ec05b19ae1b6c392fb492b879c","name":"Bertrand Lacorre-Ranza","image":{"@type":"ImageObject","inLanguage":"fr-FR","@id":"https:\/\/bertrand-ranza.com\/#\/schema\/person\/image\/","url":"https:\/\/bertrand-ranza.com\/wp-content\/uploads\/2024\/01\/Auto-portrait-edited-scaled.jpg","contentUrl":"https:\/\/bertrand-ranza.com\/wp-content\/uploads\/2024\/01\/Auto-portrait-edited-scaled.jpg","width":2560,"height":1920,"caption":"Bertrand Lacorre-Ranza"},"logo":{"@id":"https:\/\/bertrand-ranza.com\/#\/schema\/person\/image\/"},"description":"Bertrand Lacorre-Ranza Photographe Urbex et Nature","sameAs":["http:\/\/bertrand-ranza.com","https:\/\/www.facebook.com\/bertrandranza","https:\/\/www.instagram.com\/b.ranza1\/"]}]}},"_links":{"self":[{"href":"https:\/\/bertrand-ranza.com\/index.php\/wp-json\/wp\/v2\/pages\/17","targetHints":{"allow":["GET"]}}],"collection":[{"href":"https:\/\/bertrand-ranza.com\/index.php\/wp-json\/wp\/v2\/pages"}],"about":[{"href":"https:\/\/bertrand-ranza.com\/index.php\/wp-json\/wp\/v2\/types\/page"}],"author":[{"embeddable":true,"href":"https:\/\/bertrand-ranza.com\/index.php\/wp-json\/wp\/v2\/users\/1"}],"replies":[{"embeddable":true,"href":"https:\/\/bertrand-ranza.com\/index.php\/wp-json\/wp\/v2\/comments?post=17"}],"version-history":[{"count":146,"href":"https:\/\/bertrand-ranza.com\/index.php\/wp-json\/wp\/v2\/pages\/17\/revisions"}],"predecessor-version":[{"id":2885,"href":"https:\/\/bertrand-ranza.com\/index.php\/wp-json\/wp\/v2\/pages\/17\/revisions\/2885"}],"wp:attachment":[{"href":"https:\/\/bertrand-ranza.com\/index.php\/wp-json\/wp\/v2\/media?parent=17"}],"curies":[{"name":"wp","href":"https:\/\/api.w.org\/{rel}","templated":true}]}}